{"id":10878,"date":"2025-03-27T21:35:39","date_gmt":"2025-03-27T20:35:39","guid":{"rendered":"https:\/\/labomba.com.uy\/index.php\/producto\/dispensador-de-agua-bidon-bomba-electrica-automati\/"},"modified":"2026-01-22T17:05:16","modified_gmt":"2026-01-22T16:05:16","slug":"dispensador-de-agua-bidon-bomba-electrica-automati","status":"publish","type":"product","link":"https:\/\/www.labomba.com.uy\/index.php\/producto\/dispensador-de-agua-bidon-bomba-electrica-automati\/","title":{"rendered":"Dispensador de Agua Bid\u00f3n Bomba El\u00e9ctrica Autom\u00e1tico"},"content":{"rendered":"<p><span>               <\/span><\/p>\n","protected":false},"excerpt":{"rendered":"","protected":false},"featured_media":35388,"comment_status":"open","ping_status":"closed","template":"","meta":[],"product_cat":[141],"product_tag":[],"class_list":{"0":"post-10878","1":"product","2":"type-product","3":"status-publish","4":"has-post-thumbnail","6":"product_cat-cocina","8":"first","9":"outofstock","10":"taxable","11":"shipping-taxable","12":"purchasable","13":"product-type-simple"},"_links":{"self":[{"href":"https:\/\/www.labomba.com.uy\/index.php\/wp-json\/wp\/v2\/product\/10878","targetHints":{"allow":["GET"]}}],"collection":[{"href":"https:\/\/www.labomba.com.uy\/index.php\/wp-json\/wp\/v2\/product"}],"about":[{"href":"https:\/\/www.labomba.com.uy\/index.php\/wp-json\/wp\/v2\/types\/product"}],"replies":[{"embeddable":true,"href":"https:\/\/www.labomba.com.uy\/index.php\/wp-json\/wp\/v2\/comments?post=10878"}],"version-history":[{"count":1,"href":"https:\/\/www.labomba.com.uy\/index.php\/wp-json\/wp\/v2\/product\/10878\/revisions"}],"predecessor-version":[{"id":38829,"href":"https:\/\/www.labomba.com.uy\/index.php\/wp-json\/wp\/v2\/product\/10878\/revisions\/38829"}],"wp:featuredmedia":[{"embeddable":true,"href":"https:\/\/www.labomba.com.uy\/index.php\/wp-json\/wp\/v2\/media\/35388"}],"wp:attachment":[{"href":"https:\/\/www.labomba.com.uy\/index.php\/wp-json\/wp\/v2\/media?parent=10878"}],"wp:term":[{"taxonomy":"product_cat","embeddable":true,"href":"https:\/\/www.labomba.com.uy\/index.php\/wp-json\/wp\/v2\/product_cat?post=10878"},{"taxonomy":"product_tag","embeddable":true,"href":"https:\/\/www.labomba.com.uy\/index.php\/wp-json\/wp\/v2\/product_tag?post=10878"}],"curies":[{"name":"wp","href":"https:\/\/api.w.org\/{rel}","templated":true}]}}